{"id":18,"date":"2019-05-09T10:26:03","date_gmt":"2019-05-09T10:26:03","guid":{"rendered":"https:\/\/mklab.iti.gr\/csysaw2019\/?page_id=18"},"modified":"2019-09-05T09:28:35","modified_gmt":"2019-09-05T09:28:35","slug":"organisation","status":"publish","type":"page","link":"https:\/\/mklab.iti.gr\/sacti2019\/organisation\/","title":{"rendered":"Organisation"},"content":{"rendered":"\n<div style=\"height:20px\" aria-hidden=\"true\" class=\"wp-block-spacer\"><\/div>\n\n\n\n<h3 class=\"wp-block-heading\">Workshop Organisers (names, affiliations, email addresses) <\/h3>\n\n\n\n<ul class=\"wp-block-list\"><li><a rel=\"noreferrer noopener\" aria-label=\"Theodora Tsikrika (opens in a new tab)\" href=\"http:\/\/www.theodoratsikrika.info\/\" target=\"_blank\">Theodora Tsikrika<\/a>, Information Technologies Institute, Centre for Research and Technology Hellas (CERTH-ITI) &#8211; Greece (<a rel=\"noreferrer noopener\" href=\"mailto:theodora.tsikrika@iti.gr\" target=\"_blank\">theodora.tsikrika@iti.gr<\/a>)<\/li><li><a rel=\"noreferrer noopener\" aria-label=\"Lisa Kaati (opens in a new tab)\" href=\"https:\/\/www.it.uu.se\/katalog\/likaa366\" target=\"_blank\">Lisa Kaati<\/a>, Swedish Defence Research Agency (FOI) &amp; Uppsala University &#8211; Sweden (<a rel=\"noreferrer noopener\" href=\"mailto:lisa.kaati@it.uu.se\" target=\"_blank\">lisa.kaati@it.uu.se<\/a>)<\/li><li>Nikolai Stoianov, Bulgarian Defence Institute &#8211; Bulgaria (<a rel=\"noreferrer noopener\" href=\"mailto:n.stoianov@di.mod.bg\" target=\"_blank\">n.stoianov@di.mod.bg<\/a> )<\/li><li><a rel=\"noreferrer noopener\" aria-label=\"Stefanos Vrochidis (opens in a new tab)\" href=\"https:\/\/www.iti.gr\/iti\/people\/Stefanos_Vrochidis.html\" target=\"_blank\">Stefanos Vrochidis<\/a>,&nbsp; Information Technologies Institute, Centre for Research and Technology Hellas (CERTH-ITI) &#8211; Greece (<a href=\"mailto:stefanos@iti.gr\">stefanos@iti.gr<\/a>)<\/li><li><a rel=\"noreferrer noopener\" aria-label=\"Ioannis (Yiannis) Kompatsiaris (opens in a new tab)\" href=\"https:\/\/mklab.iti.gr\/about\/ikom\/\" target=\"_blank\">Ioannis (Yiannis) Kompatsiaris<\/a>,&nbsp; Information Technologies Institute, Centre for Research and Technology Hellas (CERTH-ITI) &#8211; Greece (<a href=\"mailto:ikom@iti.gr\">ikom@iti.gr<\/a>)<\/li><\/ul>\n\n\n\n<div style=\"height:20px\" aria-hidden=\"true\" class=\"wp-block-spacer\"><\/div>\n\n\n\n<h3 class=\"wp-block-heading\">Programme Committee<\/h3>\n\n\n\n<ul class=\"wp-block-list\"><li>Nazar Akrami, Uppsala University &#8211; Sweden<\/li><li>Nikolaos Bastas,  Information Technologies Institute, Centre for Research and Technology Hellas (CERTH-ITI) &#8211; Greece  <\/li><li>Nazife Baykal, Middle East Technical University &#8211; Turkey <\/li><li>Maya Bozhilova, Bulgarian Defence Institute &#8211; Bulgaria    <\/li><li>Joel Brynielsson, Royal \u00a0Institute of Technology (KTH) &#8211; Sweden<\/li><li>Oleg Chertov, National Technical University of Ukraine \u201cIgor Sikorsky Kyiv Polytechnic Institute\u201d &#8211; Ukraine<\/li><li>Rosen Iliev, Bulgarian Defence Institute &#8211; Bulgaria       <\/li><li>Fredrik Johansson, Swedish Defence Research Agency (FOI) &#8211; Sweden<\/li><li>George Kalpakis, Information Technologies Institute, Centre for Research and Technology Hellas (CERTH-ITI) &#8211; Greece <\/li><li>Alexander Kott, United States Army Research Laboratory &#8211; USA<\/li><li>Vitalii Lytvynov, Chernihiv National University of Technology &#8211; Ukraine<\/li><li>Thanassis Mavropoulos,  Information Technologies Institute, Centre for Research and Technology Hellas (CERTH-ITI) &#8211; Greece  <\/li><li>Notis Mengidis,  Information Technologies Institute, Centre for Research and Technology Hellas (CERTH-ITI) &#8211; Greece  <\/li><li>Marcin Niemiec, AGH University of Science and Technology &#8211; Poland   <\/li><li>Bj\u00f6rn Pelzer, Swedish Defense Research \u0391gency (FOI) &#8211; Sweden<\/li><li>Michal Tur\u010dan\u00edk, Akad\u00e9mia ozbrojen\u00fdch s\u00edl gen. M. R. \u0160tef\u00e1nika &#8211; Slovak Republic<\/li><li>Yantsislav Yanakiev, Bulgarian Defence Institute &#8211; Bulgaria<\/li><\/ul>\n","protected":false},"excerpt":{"rendered":"<p>Workshop Organisers (names, affiliations, email addresses) Theodora Tsikrika, Information Technologies Institute, Centre for Research and Technology Hellas (CERTH-ITI) &#8211; Greece (theodora.tsikrika@iti.gr) Lisa Kaati, Swedish Defence Research Agency (FOI) &amp; Uppsala University &#8211; Sweden (lisa.kaati@it.uu.se) Nikolai Stoianov, Bulgarian Defence Institute &#8211;&hellip; <a href=\"https:\/\/mklab.iti.gr\/sacti2019\/organisation\/\" class=\"more-link\">Continue Reading <span class=\"meta-nav\">&rarr;<\/span><\/a><\/p>\n","protected":false},"author":2,"featured_media":42,"parent":0,"menu_order":0,"comment_status":"closed","ping_status":"closed","template":"page-template-full.php","meta":{"footnotes":""},"class_list":["post-18","page","type-page","status-publish","has-post-thumbnail","hentry"],"_links":{"self":[{"href":"https:\/\/mklab.iti.gr\/sacti2019\/wp-json\/wp\/v2\/pages\/18","targetHints":{"allow":["GET"]}}],"collection":[{"href":"https:\/\/mklab.iti.gr\/sacti2019\/wp-json\/wp\/v2\/pages"}],"about":[{"href":"https:\/\/mklab.iti.gr\/sacti2019\/wp-json\/wp\/v2\/types\/page"}],"author":[{"embeddable":true,"href":"https:\/\/mklab.iti.gr\/sacti2019\/wp-json\/wp\/v2\/users\/2"}],"replies":[{"embeddable":true,"href":"https:\/\/mklab.iti.gr\/sacti2019\/wp-json\/wp\/v2\/comments?post=18"}],"version-history":[{"count":5,"href":"https:\/\/mklab.iti.gr\/sacti2019\/wp-json\/wp\/v2\/pages\/18\/revisions"}],"predecessor-version":[{"id":120,"href":"https:\/\/mklab.iti.gr\/sacti2019\/wp-json\/wp\/v2\/pages\/18\/revisions\/120"}],"wp:featuredmedia":[{"embeddable":true,"href":"https:\/\/mklab.iti.gr\/sacti2019\/wp-json\/wp\/v2\/media\/42"}],"wp:attachment":[{"href":"https:\/\/mklab.iti.gr\/sacti2019\/wp-json\/wp\/v2\/media?parent=18"}],"curies":[{"name":"wp","href":"https:\/\/api.w.org\/{rel}","templated":true}]}}