{"id":144,"date":"2020-05-14T14:32:57","date_gmt":"2020-05-14T11:32:57","guid":{"rendered":"http:\/\/mklab.iti.gr\/multisat2021\/?page_id=144"},"modified":"2024-05-10T17:41:43","modified_gmt":"2024-05-10T14:41:43","slug":"committees-2","status":"publish","type":"page","link":"https:\/\/mklab.iti.gr\/iesa2024\/committees-2\/","title":{"rendered":"Committees"},"content":{"rendered":"<h3 style=\"text-align: left;\">General Conference Chairs<\/h3>\n<p style=\"text-align: left;\"><strong>Stefanos Vrochidis<\/strong>, Information Technologies Institute, Centre for Research and Technology Hellas, Greece<\/p>\n<p style=\"text-align: left;\"><strong>Yves Ducq<\/strong>, President. INTEROP-VLab, Belgium<\/p>\n<h3 style=\"text-align: left;\">Programme Committee Chairs<\/h3>\n<p style=\"text-align: left;\"><strong>Karl A. Hribernik,<\/strong> BIBA Bremer Institut f\u00fcr Produktion und Logistik GmbH, Germany<\/p>\n<p style=\"text-align: left;\"><strong>Georgia Apostolou<\/strong>, Information Technologies Institute, Centre for Research and Technology Hellas, Greece<\/p>\n<p style=\"text-align: left;\"><strong>Ilias Gialampoukidis<\/strong>, Information Technologies Institute, Centre for Research and Technology Hellas, Greece<\/p>\n<h3 style=\"text-align: left;\">Workshops Committee Chairs<\/h3>\n<p style=\"text-align: left;\"><strong>Filippo Ciaparica,<\/strong> Universita Politecnica Delle Marche, Italy<\/p>\n<p style=\"text-align: left;\"><strong>Giulio\u00a0Marcucci,<\/strong> Mercatorum University, Italy<\/p>\n<p style=\"text-align: left;\"><strong>Athina Tsanousa<\/strong>, Information Technologies Institute, Centre for Research and Technology Hellas, Greece<\/p>\n<h3 style=\"text-align: left;\">Conference Organising Local Chairs<\/h3>\n<p style=\"text-align: left;\"><strong>Anna Koktsidou<\/strong>, Information Technologies Institute, Centre for Research and Technology Hellas, Greece<\/p>\n<h3 style=\"text-align: left;\">Honorary Committee Chairs<\/h3>\n<p style=\"text-align: left;\"><strong>Jean-Paul Bourri\u00e8res<\/strong>, University Bordeaux 1, France<\/p>\n<p style=\"text-align: left;\"><strong>Kai Mertins<\/strong>, Fraunhofer IPK, Germany<\/p>\n<h3 style=\"text-align: left;\">International Steering Committe Chairs<\/h3>\n<p style=\"text-align: left;\"><strong>Guy Doumeingts<\/strong>, INTEROP-VLAB, Belgium and University of Bordeaux, France<\/p>\n<p style=\"text-align: left;\"><strong>Raul Poler<\/strong>, Universitat Polit\u00e8cnica de Val\u00e8ncia, Spain<\/p>\n<h3 style=\"text-align: left;\">International Programme <strong>Committee<\/strong><\/h3>\n<p style=\"text-align: left;\"><strong>Adeel Ahmad<\/strong>,\u00a0Universit\u00e9 du Littoral C\u00f4te d\u2019Opale, FR<\/p>\n<p style=\"text-align: left;\"><strong>Ana Gomez<\/strong>, Ikerlan S. Coop., ES<\/p>\n<p style=\"text-align: left;\"><strong>Andres Boza<\/strong>, Universitat Polit\u00e8cnica de Val\u00e8ncia, ES<\/p>\n<p style=\"text-align: left;\"><strong>Angel Ortiz<\/strong>,\u00a0Universitat Polit\u00e9cnica de Val\u00e8ncia, ES<\/p>\n<p style=\"text-align: left;\"><strong>Antonio De Nicola<\/strong>,\u00a0ENEA, IT<\/p>\n<p style=\"text-align: left;\"><strong>Antonio Lorenzo-Espejo<\/strong>,\u00a0Universidad de Sevilla, ES<\/p>\n<p style=\"text-align: left;\"><strong>Antonio Rodrigues<\/strong>,\u00a0ISCTE-IUL, PT<\/p>\n<p style=\"text-align: left;\"><strong>Arturo Molina<\/strong>,\u00a0Tecnol\u00f3gico de Monterrey, MX<\/p>\n<p style=\"text-align: left;\"><strong>Athina Tsanousa<\/strong>, Information Technologies Institute, Centre for Research and Technology Hellas, GR<\/p>\n<p style=\"text-align: left;\"><strong>Beatriz Andres<\/strong>, Universitat Polit\u00e8cnica de Val\u00e8ncia, ES<\/p>\n<p style=\"text-align: left;\"><strong>Bob Young<\/strong>, Loughborough University,\u00a0UK<\/p>\n<p style=\"text-align: left;\"><strong>Bruno Vallespir<\/strong>, Universit\u00e9 de Bordeaux, FR<\/p>\n<p style=\"text-align: left;\"><strong>Chris Hinde<\/strong>, Loughborough University, Computer Science, UK<\/p>\n<p style=\"text-align: left;\"><strong>Christophe Merlo<\/strong>, ESTIA, ESTIA Recherche<\/p>\n<p style=\"text-align: left;\"><strong>Cinzia Rubattino<\/strong>, ENGINEERING Ingegneria Informatica S.p.A, IT<\/p>\n<p style=\"text-align: left;\"><strong>Claudia Diamantini<\/strong>,\u00a0Universit\u00e0 Politecnica delle Marche, IT<\/p>\n<p style=\"text-align: left;\"><strong>Claudia Ioana Ciobanu<\/strong>,\u00a0\u201cGheorghe Asachi\u201d Technical University of Ia\u0219i, RO<\/p>\n<p style=\"text-align: left;\"><strong>David Romero<\/strong>,\u00a0Tecnol\u00f3gico de Monterrey, MX<\/p>\n<p style=\"text-align: left;\"><strong>Elena Jelisic<\/strong>,\u00a0University of Belgrade, RS<\/p>\n<p style=\"text-align: left;\"><strong>Farouk Belkadi<\/strong>,\u00a0LS2N, FR<\/p>\n<p style=\"text-align: left;\"><strong>Faustino Alarc\u00f3n<\/strong>,\u00a0Universitat Polit\u00e9cnica de Val\u00e8ncia, ES<\/p>\n<p style=\"text-align: left;\"><strong>Fernando Gigante<\/strong>, Valencia,\u00a0AIDIMME, ES<\/p>\n<p style=\"text-align: left;\"><strong>Filippo Emanuele Ciaparica<\/strong>,\u00a0Universit\u00e0 Politecnica Delle Marche, IT<\/p>\n<p style=\"text-align: left;\"><strong>Frank-Walter Jaekel<\/strong>,\u00a0IPK Fraunhofer Berlin, DE<\/p>\n<p style=\"text-align: left;\"><strong>Fransisco Fraile<\/strong>, Universitat Polit\u00e8cnica de Val\u00e8ncia, ES<\/p>\n<p style=\"text-align: left;\"><strong>Georgia Apostolou<\/strong>, Information Technologies Institute, Centre for Research and Technology Hellas, GR<\/p>\n<p style=\"text-align: left;\"><strong>Gerasimos Kontos<\/strong>,\u00a0Abu Dhabi University, UAE<\/p>\n<p style=\"text-align: left;\"><strong>Giulio\u00a0Marcucci<\/strong>,\u00a0Universitas Mercatorum, IT<\/p>\n<p style=\"text-align: left;\"><strong>Gregory Zacharewicz<\/strong>, Universit\u00e9 de Bordeaux, FR<\/p>\n<p style=\"text-align: left;\"><strong>Guy Doumeingts<\/strong>, INTEROP-VLAB, Belgium and University of Bordeaux, FR<\/p>\n<p style=\"text-align: left;\"><strong>Hezam Haidar<\/strong>, NTEROP-VLAB, Belgium and University of Bordeaux, FR<\/p>\n<p style=\"text-align: left;\"><strong>Ilias Gialampoukidis<\/strong>, Information Technologies Institute, Centre for Research and Technology Hellas, GR<\/p>\n<p style=\"text-align: left;\"><strong>Jan Mayer<\/strong>,\u00a0Technical University of Berlin, DE<\/p>\n<p style=\"text-align: left;\"><strong>Jes\u00fas Mu\u00f1uzuri<\/strong>,\u00a0Universidad de Sevilla, ES<\/p>\n<p><strong>Joan Lario,<\/strong> Universitat Polit\u00e8cnica de Val\u00e8ncia (UPV), CIGIP, ES<\/p>\n<p style=\"text-align: left;\"><strong>Jose Ferreira<\/strong>, UNINOVA, Centre of Technology and Systems, CTS<\/p>\n<p style=\"text-align: left;\"><strong>Julio C\u00e9sar Serrano Ruiz<\/strong>, Universitat Polit\u00e8cnica de Val\u00e8ncia (UPV), ES<\/p>\n<p style=\"text-align: left;\"><strong>Karl A. Hribernik<\/strong>,\u00a0BIBA Bremer Institut f\u00fcr Produktion und Logistik GmbH, Germany<\/p>\n<p style=\"text-align: left;\"><strong>Laura Moya-Ruiz<\/strong>, Universitat Polit\u00e8cnica de Val\u00e8ncia &#8211; CIGIP, CIGIP, ES<\/p>\n<p style=\"text-align: left;\"><strong>Mamadou Kaba Traor\u00e9<\/strong>,\u00a0Universit\u00e9 de Bordeaux, FR<\/p>\n<p style=\"text-align: left;\"><strong>Manuel Noguera<\/strong>,\u00a0Universidad de Granada, ES<\/p>\n<p style=\"text-align: left;\"><strong>Maria Angeles Rodriguez<\/strong>,\u00a0Universitat Polit\u00e9cnica de Val\u00e8ncia, ES<\/p>\n<p style=\"text-align: left;\"><strong>Maria Jose N\u00fa\u00f1ez<\/strong>,\u00a0AIDIMME, ES<\/p>\n<p style=\"text-align: left;\"><strong>Maria Luisa Villani<\/strong>,\u00a0ENEA, IT<\/p>\n<p style=\"text-align: left;\"><strong>Mar\u00eda-Luisa Mu\u00f1oz-D\u00edaz<\/strong>,\u00a0Universidad de Sevilla, ES<\/p>\n<p style=\"text-align: left;\"><strong>Marina Da Bormida in Cugurra<\/strong>, ExpertAI Luxembourg<\/p>\n<p style=\"text-align: left;\"><strong>Marius Pislaru<\/strong>,\u00a0\u201cGheorghe Asachi\u201d Technical University of Ia\u0219i, RO<\/p>\n<p style=\"text-align: left;\"><strong>Martin Wollschlaeger<\/strong>,\u00a0TU Dresden, DE<\/p>\n<p style=\"text-align: left;\"><strong>Michele Melchiori<\/strong>,\u00a0University of Brescia, IT<\/p>\n<p style=\"text-align: left;\"><strong>Michiko Matsuda<\/strong>,\u00a0Kanagawa Institute of Technology, JP<\/p>\n<p style=\"text-align: left;\"><strong>Miguel Angel Mateo Casali<\/strong>,\u00a0CIGIP, ES<\/p>\n<p style=\"text-align: left;\"><strong>Nejib Moalla<\/strong>, Universit\u00e9 Lumi\u00e8re Lyon 2, DISP Lab, FR<\/p>\n<p style=\"text-align: left;\"><strong>Nemury Silega<\/strong>,\u00a0Southern Federal University, RU<\/p>\n<p style=\"text-align: left;\"><strong>Nicolas Daclin<\/strong>,\u00a0IMT Mines Ales, FR<\/p>\n<p style=\"text-align: left;\"><strong>Nicolas Figay<\/strong>,\u00a0ADS, FR<\/p>\n<p style=\"text-align: left;\"><strong>Nuno Santos<\/strong>,\u00a0University of Minho, PT<\/p>\n<p style=\"text-align: left;\"><strong>Oscar Salgado<\/strong>, Ikerlan S. Coop.<\/p>\n<p style=\"text-align: left;\"><strong>Raquel Sanchis<\/strong>,\u00a0Universitat Polit\u00e8cnica de Val\u00e8ncia, ES<\/p>\n<p style=\"text-align: left;\"><strong>Raul Poler<\/strong>, Universitat Polit\u00e8cnica de Val\u00e8ncia, ES<\/p>\n<p style=\"text-align: left;\"><strong>Ricardo Chalmeta<\/strong>, Universitat Jaume I, ES<\/p>\n<p style=\"text-align: left;\"><strong>Ruben Costa<\/strong>, UNINOVA, PT<\/p>\n<p style=\"text-align: left;\"><strong>Sandra Morales<\/strong>, HUMAN-tech\/CVBLAB, Universitat Polit\u00e8cnica de Val\u00e8ncia, ES<\/p>\n<p style=\"text-align: left;\"><strong>Santiago G\u00e1lvez-Settier<\/strong>, ITI, ES<\/p>\n<p style=\"text-align: left;\"><strong>Sergio Gusmeroli<\/strong>,\u00a0Politecnico di Milano,\u00a0Department of Management,\u00a0Economics\u00a0and Industrial Engineering, IT<\/p>\n<p style=\"text-align: left;\"><strong>Stefanos Vrochidis<\/strong>, Information Technologies Institute, Centre for Research and Technology Hellas, GR<\/p>\n<p style=\"text-align: left;\"><strong>Thomas Knothe<\/strong>,\u00a0IPK Fraunhofer Berlin, DE<\/p>\n<p style=\"text-align: left;\"><strong>Tiago Pereira<\/strong>,\u00a0University of Minho, PT<\/p>\n<p style=\"text-align: left;\"><strong>Valentina Di Pasquale<\/strong>,\u00a0University of Salerno, IT<\/p>\n<p style=\"text-align: left;\"><strong>Volker Gruhn<\/strong>, University Duisburg-Essen, DE<\/p>\n<p style=\"text-align: left;\"><strong>Ximena Rojas-Lema<\/strong>,\u00a0Escuela Polit\u00e9cnica Nacional, EC<\/p>\n<p style=\"text-align: left;\"><strong>Yves Ducq<\/strong>, President. INTEROP-VLab, Belgium<\/p>\n<p style=\"text-align: left;\"><strong>Yves Keraron<\/strong>,\u00a0ISADEUS, FR<\/p>\n","protected":false},"excerpt":{"rendered":"<p>General Conference Chairs Stefanos Vrochidis, Information Technologies Institute, Centre for Research and Technology Hellas, Greece Yves Ducq, President. INTEROP-VLab, Belgium Programme Committee Chairs Karl A. Hribernik, BIBA Bremer Institut f\u00fcr Produktion und Logistik GmbH, Germany Georgia Apostolou, Information Technologies Institute, Centre for Research and Technology Hellas, Greece Ilias Gialampoukidis, Information Technologies Institute, Centre for Research [&hellip;]<\/p>\n","protected":false},"author":11,"featured_media":0,"parent":0,"menu_order":0,"comment_status":"closed","ping_status":"closed","template":"","meta":{"footnotes":""},"class_list":["post-144","page","type-page","status-publish","hentry"],"_links":{"self":[{"href":"https:\/\/mklab.iti.gr\/iesa2024\/wp-json\/wp\/v2\/pages\/144","targetHints":{"allow":["GET"]}}],"collection":[{"href":"https:\/\/mklab.iti.gr\/iesa2024\/wp-json\/wp\/v2\/pages"}],"about":[{"href":"https:\/\/mklab.iti.gr\/iesa2024\/wp-json\/wp\/v2\/types\/page"}],"author":[{"embeddable":true,"href":"https:\/\/mklab.iti.gr\/iesa2024\/wp-json\/wp\/v2\/users\/11"}],"replies":[{"embeddable":true,"href":"https:\/\/mklab.iti.gr\/iesa2024\/wp-json\/wp\/v2\/comments?post=144"}],"version-history":[{"count":5,"href":"https:\/\/mklab.iti.gr\/iesa2024\/wp-json\/wp\/v2\/pages\/144\/revisions"}],"predecessor-version":[{"id":887,"href":"https:\/\/mklab.iti.gr\/iesa2024\/wp-json\/wp\/v2\/pages\/144\/revisions\/887"}],"wp:attachment":[{"href":"https:\/\/mklab.iti.gr\/iesa2024\/wp-json\/wp\/v2\/media?parent=144"}],"curies":[{"name":"wp","href":"https:\/\/api.w.org\/{rel}","templated":true}]}}