{"id":501,"date":"2013-04-19T09:43:31","date_gmt":"2013-04-19T07:43:31","guid":{"rendered":"http:\/\/mklab.iti.gr\/demaal2013\/?page_id=501"},"modified":"2013-04-19T09:43:31","modified_gmt":"2013-04-19T07:43:31","slug":"dr-ceyhun-burak-akgul","status":"publish","type":"page","link":"https:\/\/mklab.iti.gr\/demaal2013\/dr-ceyhun-burak-akgul","title":{"rendered":"Dr. Ceyhun Burak Akg\u00fcl"},"content":{"rendered":"<h4>R&amp;D Director of Vistek ISRA Vision (Istanbul)<\/h4>\n<p>Dr. Ceyhun Burak Akg\u00fcl\u00a0is the R&amp;D Director of Vistek ISRA Vision (Istanbul), coordinating industrial and social domain R&amp;D projects and acting as lead research scientist. He has received the BS and MS degrees in electrical engineering from Bo\u011fazi\u00e7i University (Istanbul) in 2002 and 2004 respectively, and the PhD degree from Bo\u011fazi\u00e7i University (Istanbul) and T\u00e9l\u00e9com ParisTech (ENST Paris) in 2007. He has held the Marie Curie Research Scientist position at the Video Processing Analysis Group of Philips Research in 2008-2009. Besides his activities in Vistek ISRA Vision, Dr. Akg\u00fcl is also a part-time faculty member in Bo\u011fazi\u00e7i University Electrical Engineering Dept., where he teaches image processing and computer vision-related courses, and co-supervises several graduate students. Dr. Akg\u00fcl also organizes studio courses in the Architectural Design Computing Programme of Istanbul Technical University. His current research is focused on 3D computer vision, action recognition and modeling, content-based retrieval, image and shape description, data mining and machine learning. He has 6 journal and 50+ conference papers in these areas. He also is the inventor of a patent on relevance feedback.<\/p>\n","protected":false},"excerpt":{"rendered":"<p>R&amp;D Director of Vistek ISRA Vision (Istanbul) Dr. Ceyhun Burak Akg\u00fcl\u00a0is the R&amp;D Director of Vistek ISRA Vision (Istanbul), coordinating industrial and social domain R&amp;D projects and acting as lead research scientist. He has received the BS and MS degrees<\/p>\n<p><a class=\"more-link\" href=\"https:\/\/mklab.iti.gr\/demaal2013\/dr-ceyhun-burak-akgul\">Continue reading<\/a><\/p>\n","protected":false},"author":1,"featured_media":0,"parent":0,"menu_order":0,"comment_status":"closed","ping_status":"closed","template":"","meta":{"footnotes":""},"class_list":["post-501","page","type-page","status-publish","hentry"],"_links":{"self":[{"href":"https:\/\/mklab.iti.gr\/demaal2013\/wp-json\/wp\/v2\/pages\/501","targetHints":{"allow":["GET"]}}],"collection":[{"href":"https:\/\/mklab.iti.gr\/demaal2013\/wp-json\/wp\/v2\/pages"}],"about":[{"href":"https:\/\/mklab.iti.gr\/demaal2013\/wp-json\/wp\/v2\/types\/page"}],"author":[{"embeddable":true,"href":"https:\/\/mklab.iti.gr\/demaal2013\/wp-json\/wp\/v2\/users\/1"}],"replies":[{"embeddable":true,"href":"https:\/\/mklab.iti.gr\/demaal2013\/wp-json\/wp\/v2\/comments?post=501"}],"version-history":[{"count":1,"href":"https:\/\/mklab.iti.gr\/demaal2013\/wp-json\/wp\/v2\/pages\/501\/revisions"}],"predecessor-version":[{"id":502,"href":"https:\/\/mklab.iti.gr\/demaal2013\/wp-json\/wp\/v2\/pages\/501\/revisions\/502"}],"wp:attachment":[{"href":"https:\/\/mklab.iti.gr\/demaal2013\/wp-json\/wp\/v2\/media?parent=501"}],"curies":[{"name":"wp","href":"https:\/\/api.w.org\/{rel}","templated":true}]}}